{"id":3,"date":"2021-01-22T19:02:08","date_gmt":"2021-01-22T19:02:08","guid":{"rendered":"https:\/\/security-networks.com.mx\/?page_id=3"},"modified":"2022-03-24T10:37:34","modified_gmt":"2022-03-24T16:37:34","slug":"politica-privacidad","status":"publish","type":"page","link":"https:\/\/security-networks.com.mx\/?page_id=3","title":{"rendered":"Pol\u00edtica de privacidad"},"content":{"rendered":"\r\n<p><strong>SECURITY NETWORKS SDN, S.A. de C.V.<\/strong><strong>, empresa de servicios y venta de art\u00edculos de tecnologia y soluciones derevadas de estp, con domicilio en:\u00a0<\/strong><strong>CALLE 27 de ABRIL No 17 INTERIOR 4, LOMAS MANUEL AVILA CAMACHO, NAUCALPAN DE JUAREZ, MEXICO, CP 53910<\/strong><strong>, es responsable de recabar sus datos personales, del uso que se le d\u00e9 a los mismos y de su protecci\u00f3n.<\/strong><\/p>\r\n<p>Sus datos personales ser\u00e1n utilizados para proveer los servicios profesionales que nos ha solicitado, informarle cambios sobre los avances de las actividades encomendadas, fines de identificaci\u00f3n, verificaci\u00f3n y contacto, comunicarle el estado de su asunto, atender quejas y aclaraciones, conocer sus necesidades de servicios, y\/o evaluar la calidad del servicio que le brindamos. En caso de formalizar con Usted la aceptaci\u00f3n de alguno de los servicios profesionales que brinda <strong>SECURITY NETWORKS SDN, S.A. de C.V.,<\/strong>\u00a0sus datos personales ser\u00e1n utilizados para el cumplimiento de las obligaciones derivadas de esta relaci\u00f3n profesional.<\/p>\r\n<p>Sus datos personales ser\u00e1n tratados conforme a la Ley Federal de Protecci\u00f3n de Datos Personales en Posesi\u00f3n de los Particulares. La confidencialidad de los mismos est\u00e1 garantizada y los mismos estar\u00e1n protegidos por medidas de seguridad administrativas, t\u00e9cnicas y f\u00edsicas para evitar su da\u00f1o, p\u00e9rdida, alteraci\u00f3n, destrucci\u00f3n, uso, acceso o divulgaci\u00f3n indebidos. \u00danicamente las personas autorizadas para tal efecto tendr\u00e1n acceso a sus datos personales exclusivamente para los fines establecidos en el presente Aviso de Privacidad.<\/p>\r\n<p>De igual forma sus datos personales pueden ser tratados dentro y fuera del pa\u00eds por personas distintas a<strong>\u00a0<\/strong><strong>SECURITY NETWORKS SDN, S.A. de C.V.,\u00a0<\/strong>a las que se les hayan transferido o se les lleguen a transferir, as\u00ed como por sus sociedades afiliadas, subsidiarias y\/o controladoras, siempre garantizando la confidencialidad de los mismos y su tratamiento conforme a las finalidades contenidas en el presente Aviso de Privacidad. Si Usted no manifiesta su oposici\u00f3n para que sus datos personales sean transferidos, se entender\u00e1 que ha otorgado su consentimiento expreso para ello.<\/p>\r\n<p>Usted tendr\u00e1 derecho, a partir del 6 de enero de 2012, a acceder, rectificar y cancelar sus datos personales, as\u00ed como a oponerse al tratamiento de los mismos o revocar el consentimiento que para tal fin nos haya otorgado, mediante los procedimientos que hemos implementado, ello, presentando una solicitud a trav\u00e9s de los correos electr\u00f3nicos identificados\u00a0________\u2013p\u00e1ginas o correos\u2013_____<strong>,<\/strong>\u00a0as\u00ed como por escrito dirigido al \u00e1rea de Administraci\u00f3n de\u00a0<strong>SECURITY NETWORKS SDN, S.A. de C.V.,\u00a0<\/strong>al domicilio referido. Dicha solicitud deber\u00e1 contener por lo menos: Nombre, domicilio, correo electr\u00f3nico u otro medio para comunicarle la respuesta a su solicitud, documentos que acrediten su identidad o, en su caso, la representaci\u00f3n legal respectiva, la descripci\u00f3n clara y precisa de los datos personales con respecto a los cuales solicita ejercer alguno de los derechos de acceso, rectificaci\u00f3n, cancelaci\u00f3n u oposici\u00f3n, en su caso, la manifestaci\u00f3n expresa para revocar su consentimiento al tratamiento de sus datos personales, y cualquier otro dato que facilite la localizaci\u00f3n de estos.<\/p>\r\n<p><strong>AVISO DE CONFIDENCIALIDAD Y ALCANCE LEGAL<\/strong><\/p>\r\n<p>Este correo electr\u00f3nico es confidencial y para uso exclusivo de la(s) persona(s) a quien(es) se dirige. Si el lector de\u00a0 esta transmisi\u00f3n electr\u00f3nica no es el destinatario, se le notifica que cualquier distribuci\u00f3n o copia de la misma\u00a0 est\u00e1 estrictamente prohibida. Si ha recibido este correo por error le solicitamos notificar inmediatamente a la persona\u00a0 que lo envi\u00f3 y borrarlo definitivamente de su sistema.<\/p>\r\n<p>Los correos electr\u00f3nicos no son necesariamente seguros, por lo que el remitente no ser\u00e1 responsable en ning\u00fan momento por los cambios que se sufra en su transferencia. A\u00fan cuando se hayan revisado los archivos adjuntos existe siempre la posibilidad de que puedan contener virus o c\u00f3digos maliciosos que da\u00f1en los sistemas del destinatario, por lo que tampoco se asume ninguna responsabilidad en caso de mutaciones en su transferencia y ser\u00e1 siempre necesario revisarlos antes de abrirlos. Las opiniones expresadas en este correo electr\u00f3nico deber\u00e1n ser confirmadas por escrito y firmadas por el remitente para tener validez legal, por lo que el correo electr\u00f3nico no es el medio apropiado para emitir opiniones o recomendaciones formales.<\/p>\r\n","protected":false},"excerpt":{"rendered":"<p>SECURITY NETWORKS SDN, S.A. de C.V., empresa de servicios y venta de art\u00edculos de tecnologia y soluciones derevadas de estp, con domicilio en:\u00a0CALLE 27 de ABRIL No 17 INTERIOR 4, LOMAS MANUEL AVILA CAMACHO, NAUCALPAN DE JUAREZ, MEXICO, CP 53910, es responsable de recabar sus datos personales, del uso que se le d\u00e9 a los&hellip;<\/p>\n","protected":false},"author":1,"featured_media":0,"parent":0,"menu_order":0,"comment_status":"closed","ping_status":"open","template":"","meta":{"footnotes":""},"class_list":["post-3","page","type-page","status-publish","hentry","description-off"],"_links":{"self":[{"href":"https:\/\/security-networks.com.mx\/index.php?rest_route=\/wp\/v2\/pages\/3","targetHints":{"allow":["GET"]}}],"collection":[{"href":"https:\/\/security-networks.com.mx\/index.php?rest_route=\/wp\/v2\/pages"}],"about":[{"href":"https:\/\/security-networks.com.mx\/index.php?rest_route=\/wp\/v2\/types\/page"}],"author":[{"embeddable":true,"href":"https:\/\/security-networks.com.mx\/index.php?rest_route=\/wp\/v2\/users\/1"}],"replies":[{"embeddable":true,"href":"https:\/\/security-networks.com.mx\/index.php?rest_route=%2Fwp%2Fv2%2Fcomments&post=3"}],"version-history":[{"count":1,"href":"https:\/\/security-networks.com.mx\/index.php?rest_route=\/wp\/v2\/pages\/3\/revisions"}],"predecessor-version":[{"id":3321,"href":"https:\/\/security-networks.com.mx\/index.php?rest_route=\/wp\/v2\/pages\/3\/revisions\/3321"}],"wp:attachment":[{"href":"https:\/\/security-networks.com.mx\/index.php?rest_route=%2Fwp%2Fv2%2Fmedia&parent=3"}],"curies":[{"name":"wp","href":"https:\/\/api.w.org\/{rel}","templated":true}]}}