{"id":824,"date":"2019-12-21T21:27:47","date_gmt":"2019-12-21T21:27:47","guid":{"rendered":"https:\/\/the7.io\/basic-business\/?page_id=824"},"modified":"2019-12-21T21:27:47","modified_gmt":"2019-12-21T21:27:47","slug":"portfolio-grid-with-round-images","status":"publish","type":"page","link":"https:\/\/security-networks.com.mx\/?page_id=824","title":{"rendered":"Portfolio &#8211; grid with round images"},"content":{"rendered":"<p>[vc_row full_width=\u00bbstretch_row_content_no_spaces\u00bb css=\u00bb.vc_custom_1580202343809{padding-top: 60px !important;padding-right: 30px !important;padding-bottom: 80px !important;padding-left: 30px !important;}\u00bb][vc_column]<style type=\"text\/css\" data-type=\"the7_shortcodes-inline-css\">.portfolio-shortcode.portfolio-masonry-shortcode-id-e115f62179869d768cc6e05f01604643.dividers-on.classic-layout-list article {\n  padding-top: 0;\n}\n.portfolio-shortcode.portfolio-masonry-shortcode-id-e115f62179869d768cc6e05f01604643.dividers-on.classic-layout-list article:first-of-type {\n  margin-top: 0;\n  padding-top: 0;\n}\n.portfolio-shortcode.portfolio-masonry-shortcode-id-e115f62179869d768cc6e05f01604643.classic-layout-list.mode-list .post-entry-content {\n  width: calc(100% - );\n}\n.portfolio-shortcode.portfolio-masonry-shortcode-id-e115f62179869d768cc6e05f01604643.classic-layout-list.mode-list .no-img .post-entry-content {\n  width: 100%;\n}\n.portfolio-shortcode.portfolio-masonry-shortcode-id-e115f62179869d768cc6e05f01604643 .filter-bg-decoration .filter-categories a.act {\n  color: #fff;\n}\n.portfolio-shortcode.portfolio-masonry-shortcode-id-e115f62179869d768cc6e05f01604643:not(.mode-masonry) article:first-of-type,\n.portfolio-shortcode.portfolio-masonry-shortcode-id-e115f62179869d768cc6e05f01604643:not(.mode-masonry) article.visible.first {\n  margin-top: 0;\n}\n.portfolio-shortcode.portfolio-masonry-shortcode-id-e115f62179869d768cc6e05f01604643.dividers-on:not(.mode-masonry) article {\n  margin-top: 0;\n}\n.portfolio-shortcode.portfolio-masonry-shortcode-id-e115f62179869d768cc6e05f01604643.dividers-on:not(.mode-masonry) article:first-of-type,\n.portfolio-shortcode.portfolio-masonry-shortcode-id-e115f62179869d768cc6e05f01604643.dividers-on:not(.mode-masonry) article.visible.first {\n  margin-top: 0;\n  padding-top: 0;\n}\n.portfolio-shortcode.portfolio-masonry-shortcode-id-e115f62179869d768cc6e05f01604643.hover-scale article:after {\n  background: -webkit-linear-gradient();\n  background: linear-gradient();\n}\n.portfolio-shortcode.portfolio-masonry-shortcode-id-e115f62179869d768cc6e05f01604643.gradient-overlay-layout-list article {\n  border-radius: 500px;\n}\n.portfolio-shortcode.portfolio-masonry-shortcode-id-e115f62179869d768cc6e05f01604643 .post-thumbnail-wrap {\n  padding: 0px 0px 25px 0px;\n  border-radius: 500px;\n}\n.portfolio-shortcode.portfolio-masonry-shortcode-id-e115f62179869d768cc6e05f01604643 .post-thumbnail-wrap *,\n.portfolio-shortcode.portfolio-masonry-shortcode-id-e115f62179869d768cc6e05f01604643 .post-thumbnail-rollover:after {\n  border-radius: 500px;\n}\n.portfolio-shortcode.portfolio-masonry-shortcode-id-e115f62179869d768cc6e05f01604643.enable-bg-rollover .post-thumbnail-rollover:after {\n  background: -webkit-linear-gradient();\n  background: linear-gradient();\n}\n.bottom-overlap-layout-list.portfolio-shortcode.portfolio-masonry-shortcode-id-e115f62179869d768cc6e05f01604643 .project-links-container {\n  height: calc(100% - 100px);\n}\n.portfolio-shortcode.portfolio-masonry-shortcode-id-e115f62179869d768cc6e05f01604643 .project-links-container a {\n  width: 44px;\n  height: 44px;\n  line-height: 44px;\n  border-radius: 100px;\n  margin: 10px 5px 10px;\n}\n.content-rollover-layout-list:not(.content-align-center).portfolio-shortcode.portfolio-masonry-shortcode-id-e115f62179869d768cc6e05f01604643 .project-links-container a,\n.gradient-overlay-layout-list:not(.content-align-center).portfolio-shortcode.portfolio-masonry-shortcode-id-e115f62179869d768cc6e05f01604643 .project-links-container a {\n  margin: 10px 10px 10px 0;\n}\n.dt-icon-border-on.portfolio-shortcode.portfolio-masonry-shortcode-id-e115f62179869d768cc6e05f01604643 .project-links-container a:before {\n  border-width: 2px;\n  border-style: solid;\n}\n.dt-icon-hover-border-on.portfolio-shortcode.portfolio-masonry-shortcode-id-e115f62179869d768cc6e05f01604643 .project-links-container a:after {\n  border-width: 2px;\n  border-style: solid;\n}\n.dt-icon-bg-on.portfolio-shortcode.portfolio-masonry-shortcode-id-e115f62179869d768cc6e05f01604643 .project-links-container a:before {\n  background: rgba(255,255,255,0.3);\n  -webkit-box-shadow: none;\n  box-shadow: none;\n}\n.dt-icon-hover-bg-on.portfolio-shortcode.portfolio-masonry-shortcode-id-e115f62179869d768cc6e05f01604643 .project-links-container a:after {\n  background: rgba(255,255,255,0.5);\n  -webkit-box-shadow: none;\n  box-shadow: none;\n}\n.portfolio-shortcode.portfolio-masonry-shortcode-id-e115f62179869d768cc6e05f01604643 .project-links-container a > span:before {\n  font-size: 16px;\n  line-height: 44px;\n}\n.portfolio-shortcode.portfolio-masonry-shortcode-id-e115f62179869d768cc6e05f01604643 .project-links-container a:not(:hover) > span {\n  color: #ffffff;\n}\n.dt-icon-hover-off.portfolio-shortcode.portfolio-masonry-shortcode-id-e115f62179869d768cc6e05f01604643 .project-links-container a > span,\n.dt-icon-hover-off.portfolio-shortcode.portfolio-masonry-shortcode-id-e115f62179869d768cc6e05f01604643 .project-links-container a:hover > span {\n  color: #ffffff;\n}\n.dt-icon-hover-on.portfolio-shortcode.portfolio-masonry-shortcode-id-e115f62179869d768cc6e05f01604643 .project-links-container a:hover > span {\n  color: #ffffff;\n}\n.portfolio-shortcode.portfolio-masonry-shortcode-id-e115f62179869d768cc6e05f01604643 .entry-title,\n.portfolio-shortcode.portfolio-masonry-shortcode-id-e115f62179869d768cc6e05f01604643.owl-carousel .entry-title {\n  margin-bottom: 12px;\n  font-size: 24px;\n  line-height: 34px;\n  font-weight: bold;\n}\n.portfolio-shortcode.portfolio-masonry-shortcode-id-e115f62179869d768cc6e05f01604643 .entry-meta {\n  margin-bottom: 15px;\n}\n.portfolio-shortcode.portfolio-masonry-shortcode-id-e115f62179869d768cc6e05f01604643 .portfolio-categories {\n  margin-bottom: 15px;\n}\n.portfolio-shortcode.portfolio-masonry-shortcode-id-e115f62179869d768cc6e05f01604643 .entry-excerpt {\n  margin-bottom: 0px;\n}\n.portfolio-shortcode.portfolio-masonry-shortcode-id-e115f62179869d768cc6e05f01604643:not(.centered-layout-list) .post-entry-content {\n  padding: 0px 0px 0px 0px;\n}\n.portfolio-shortcode.portfolio-masonry-shortcode-id-e115f62179869d768cc6e05f01604643:not(.centered-layout-list):not(.content-bg-on):not(.mode-list) .no-img .post-entry-content {\n  padding: 0;\n}\n.portfolio-shortcode.portfolio-masonry-shortcode-id-e115f62179869d768cc6e05f01604643.gradient-overlay-layout-list .post-entry-content {\n  border-radius: 500px;\n}\n@media screen and (max-width: ) {\n  .portfolio-shortcode.portfolio-masonry-shortcode-id-e115f62179869d768cc6e05f01604643 article {\n    -webkit-flex-flow: column nowrap;\n    -moz-flex-flow: column nowrap;\n    -ms-flex-flow: column nowrap;\n    flex-flow: column nowrap;\n    margin-top: 20px;\n  }\n  .portfolio-shortcode.portfolio-masonry-shortcode-id-e115f62179869d768cc6e05f01604643.dividers-on article {\n    border: none;\n  }\n  .portfolio-shortcode.portfolio-masonry-shortcode-id-e115f62179869d768cc6e05f01604643.content-bg-on.centered-layout-list article {\n    padding: 0;\n  }\n  #page .portfolio-shortcode.portfolio-masonry-shortcode-id-e115f62179869d768cc6e05f01604643 .post-thumbnail-wrap,\n  #page .portfolio-shortcode.portfolio-masonry-shortcode-id-e115f62179869d768cc6e05f01604643 .post-entry-content {\n    width: 100%;\n    margin: 0;\n    top: 0;\n  }\n  #page .portfolio-shortcode.portfolio-masonry-shortcode-id-e115f62179869d768cc6e05f01604643 .post-thumbnail-wrap {\n    padding: 0;\n  }\n  #page .portfolio-shortcode.portfolio-masonry-shortcode-id-e115f62179869d768cc6e05f01604643 .post-entry-content:after {\n    display: none;\n  }\n  #page .portfolio-shortcode.portfolio-masonry-shortcode-id-e115f62179869d768cc6e05f01604643 .project-even .post-thumbnail-wrap,\n  #page .portfolio-shortcode.portfolio-masonry-shortcode-id-e115f62179869d768cc6e05f01604643.centered-layout-list .post-thumbnail-wrap {\n    -webkit-order: 0;\n    -moz-order: 0;\n    -ms-flex-order: 0;\n    order: 0;\n  }\n  #page .portfolio-shortcode.portfolio-masonry-shortcode-id-e115f62179869d768cc6e05f01604643.centered-layout-list .post-entry-title-content {\n    -webkit-order: 1;\n    -moz-order: 1;\n    -ms-flex-order: 1;\n    order: 1;\n    width: 100%;\n    padding: 20px 20px 0;\n  }\n  #page .portfolio-shortcode.portfolio-masonry-shortcode-id-e115f62179869d768cc6e05f01604643.centered-layout-list .post-entry-content {\n    -webkit-order: 2;\n    -moz-order: 2;\n    -ms-flex-order: 2;\n    order: 2;\n    padding-top: 0;\n  }\n  #page .portfolio-shortcode.portfolio-masonry-shortcode-id-e115f62179869d768cc6e05f01604643 .post-entry-content {\n    padding: 20px;\n  }\n  #page .portfolio-shortcode.portfolio-masonry-shortcode-id-e115f62179869d768cc6e05f01604643 .entry-title {\n    margin: 3px 0 5px;\n    font-size: 20px;\n    line-height: 26px;\n  }\n  #page .portfolio-shortcode.portfolio-masonry-shortcode-id-e115f62179869d768cc6e05f01604643 .entry-meta {\n    margin: 5px 0 5px;\n  }\n  #page .portfolio-shortcode.portfolio-masonry-shortcode-id-e115f62179869d768cc6e05f01604643 .entry-excerpt {\n    margin: 15px 0 0;\n  }\n  #page .portfolio-shortcode.portfolio-masonry-shortcode-id-e115f62179869d768cc6e05f01604643 .post-details {\n    margin: 5px 0 10px;\n  }\n  #page .portfolio-shortcode.portfolio-masonry-shortcode-id-e115f62179869d768cc6e05f01604643 .post-details.details-type-link {\n    margin-bottom: 2px;\n  }\n}\n.portfolio-shortcode.portfolio-masonry-shortcode-id-e115f62179869d768cc6e05f01604643:not(.resize-by-browser-width) .dt-css-grid {\n  grid-row-gap: 60px;\n  grid-column-gap: 60px;\n  grid-template-columns: repeat(auto-fill,minmax(,1fr));\n}\n.portfolio-shortcode.portfolio-masonry-shortcode-id-e115f62179869d768cc6e05f01604643:not(.resize-by-browser-width) .dt-css-grid .double-width {\n  grid-column: span 2;\n}\n.cssgridlegacy.no-cssgrid .portfolio-shortcode.portfolio-masonry-shortcode-id-e115f62179869d768cc6e05f01604643:not(.resize-by-browser-width) .dt-css-grid,\n.no-cssgridlegacy.no-cssgrid .portfolio-shortcode.portfolio-masonry-shortcode-id-e115f62179869d768cc6e05f01604643:not(.resize-by-browser-width) .dt-css-grid {\n  display: flex;\n  flex-flow: row wrap;\n  margin: -30px;\n}\n.cssgridlegacy.no-cssgrid .portfolio-shortcode.portfolio-masonry-shortcode-id-e115f62179869d768cc6e05f01604643:not(.resize-by-browser-width) .dt-css-grid .wf-cell,\n.no-cssgridlegacy.no-cssgrid .portfolio-shortcode.portfolio-masonry-shortcode-id-e115f62179869d768cc6e05f01604643:not(.resize-by-browser-width) .dt-css-grid .wf-cell {\n  flex: 1 0 ;\n  max-width: 100%;\n  padding: 30px;\n  box-sizing: border-box;\n}\n.portfolio-shortcode.portfolio-masonry-shortcode-id-e115f62179869d768cc6e05f01604643.resize-by-browser-width .dt-css-grid {\n  grid-template-columns: repeat(4,1fr);\n  grid-template-rows: auto;\n  grid-column-gap: 60px;\n  grid-row-gap: 60px;\n}\n.portfolio-shortcode.portfolio-masonry-shortcode-id-e115f62179869d768cc6e05f01604643.resize-by-browser-width .dt-css-grid .double-width {\n  grid-column: span 2;\n}\n.cssgridlegacy.no-cssgrid .portfolio-shortcode.portfolio-masonry-shortcode-id-e115f62179869d768cc6e05f01604643.resize-by-browser-width .dt-css-grid {\n  margin: -30px;\n}\n.cssgridlegacy.no-cssgrid .portfolio-shortcode.portfolio-masonry-shortcode-id-e115f62179869d768cc6e05f01604643.resize-by-browser-width .dt-css-grid .wf-cell {\n  width: 25%;\n  padding: 30px;\n}\n.cssgridlegacy.no-cssgrid .portfolio-shortcode.portfolio-masonry-shortcode-id-e115f62179869d768cc6e05f01604643.resize-by-browser-width .dt-css-grid .wf-cell.double-width {\n  width: calc(25%) * 2;\n}\n.portfolio-shortcode.portfolio-masonry-shortcode-id-e115f62179869d768cc6e05f01604643.resize-by-browser-width:not(.centered-layout-list):not(.content-bg-on) .dt-css-grid {\n  grid-row-gap: 60px;\n}\n@media screen and (max-width: 1199px) {\n  .portfolio-shortcode.portfolio-masonry-shortcode-id-e115f62179869d768cc6e05f01604643.resize-by-browser-width .dt-css-grid {\n    grid-template-columns: repeat(2,1fr);\n  }\n  .cssgridlegacy.no-cssgrid .portfolio-shortcode.portfolio-masonry-shortcode-id-e115f62179869d768cc6e05f01604643.resize-by-browser-width .dt-css-grid .wf-cell,\n  .no-cssgridlegacy.no-cssgrid .portfolio-shortcode.portfolio-masonry-shortcode-id-e115f62179869d768cc6e05f01604643.resize-by-browser-width .dt-css-grid .wf-cell {\n    width: 50%;\n  }\n  .cssgridlegacy.no-cssgrid .portfolio-shortcode.portfolio-masonry-shortcode-id-e115f62179869d768cc6e05f01604643.resize-by-browser-width .dt-css-grid .wf-cell.double-width,\n  .no-cssgridlegacy.no-cssgrid .portfolio-shortcode.portfolio-masonry-shortcode-id-e115f62179869d768cc6e05f01604643.resize-by-browser-width .dt-css-grid .wf-cell.double-width {\n    width: calc(50%)*2;\n  }\n}\n@media screen and (max-width: 991px) {\n  .portfolio-shortcode.portfolio-masonry-shortcode-id-e115f62179869d768cc6e05f01604643.resize-by-browser-width .dt-css-grid {\n    grid-template-columns: repeat(2,1fr);\n  }\n  .cssgridlegacy.no-cssgrid .portfolio-shortcode.portfolio-masonry-shortcode-id-e115f62179869d768cc6e05f01604643.resize-by-browser-width .dt-css-grid .wf-cell,\n  .no-cssgridlegacy.no-cssgrid .portfolio-shortcode.portfolio-masonry-shortcode-id-e115f62179869d768cc6e05f01604643.resize-by-browser-width .dt-css-grid .wf-cell {\n    width: 50%;\n  }\n  .cssgridlegacy.no-cssgrid .portfolio-shortcode.portfolio-masonry-shortcode-id-e115f62179869d768cc6e05f01604643.resize-by-browser-width .dt-css-grid .wf-cell.double-width,\n  .no-cssgridlegacy.no-cssgrid .portfolio-shortcode.portfolio-masonry-shortcode-id-e115f62179869d768cc6e05f01604643.resize-by-browser-width .dt-css-grid .wf-cell.double-width {\n    width: calc(50%)*2;\n  }\n}\n@media screen and (max-width: 767px) {\n  .portfolio-shortcode.portfolio-masonry-shortcode-id-e115f62179869d768cc6e05f01604643.resize-by-browser-width .dt-css-grid {\n    grid-template-columns: repeat(1,1fr);\n  }\n  .portfolio-shortcode.portfolio-masonry-shortcode-id-e115f62179869d768cc6e05f01604643.resize-by-browser-width .dt-css-grid .double-width {\n    grid-column: span 1;\n  }\n  .cssgridlegacy.no-cssgrid .portfolio-shortcode.portfolio-masonry-shortcode-id-e115f62179869d768cc6e05f01604643.resize-by-browser-width .dt-css-grid .wf-cell,\n  .no-cssgridlegacy.no-cssgrid .portfolio-shortcode.portfolio-masonry-shortcode-id-e115f62179869d768cc6e05f01604643.resize-by-browser-width .dt-css-grid .wf-cell {\n    width: 100%;\n  }\n  .cssgridlegacy.no-cssgrid .portfolio-shortcode.portfolio-masonry-shortcode-id-e115f62179869d768cc6e05f01604643.resize-by-browser-width .dt-css-grid .wf-cell.double-width,\n  .no-cssgridlegacy.no-cssgrid .portfolio-shortcode.portfolio-masonry-shortcode-id-e115f62179869d768cc6e05f01604643.resize-by-browser-width .dt-css-grid .wf-cell.double-width {\n    width: calc(100%)*2;\n  }\n}\n<\/style><div class=\"portfolio-shortcode portfolio-masonry-shortcode-id-e115f62179869d768cc6e05f01604643 mode-grid classic-layout-list jquery-filter content-align-center dt-icon-bg-off dt-icon-hover-off scale-img meta-info-off dt-css-grid-wrap resize-by-browser-width  loading-effect-none description-under-image \" data-padding=\"30px\" data-cur-page=\"1\" data-post-limit=\"8\" data-pagination-mode=\"pages\" data-desktop-columns-num=\"4\" data-v-tablet-columns-num=\"2\" data-h-tablet-columns-num=\"2\" data-phone-columns-num=\"1\" data-width=\"0px\" data-columns=\"0\"><div class=\"dt-css-grid\" ><div class=\"visible wf-cell\" data-post-id=\"770\" data-date=\"2019-12-29T20:32:22-06:00\" data-name=\"Data Center\"><article class=\"post visible post-770 dt_portfolio type-dt_portfolio status-publish has-post-thumbnail hentry dt_portfolio_category-soluciones dt_portfolio_category-46\" data-name=\"Data Center\" data-date=\"2019-12-29T20:32:22-06:00\">\n\n<div class=\"post-thumbnail-wrap forward-post \">\n\t<div class=\"post-thumbnail\">\n\n\t\t<a href=\"https:\/\/security-networks.com.mx\/?dt_portfolio=data-center\" class=\"post-thumbnail-rollover layzr-bg\" target=\"\"  aria-label=\"Post image\"><img loading=\"lazy\" decoding=\"async\" class=\"iso-lazy-load preload-me iso-lazy-load\" src=\"data:image\/svg+xml,%3Csvg%20xmlns%3D&#39;http%3A%2F%2Fwww.w3.org%2F2000%2Fsvg&#39;%20viewBox%3D&#39;0%200%20768%20768&#39;%2F%3E\" data-src=\"https:\/\/security-networks.com.mx\/wp-content\/uploads\/2019\/12\/Data-Center-768x768.jpg\" data-srcset=\"https:\/\/security-networks.com.mx\/wp-content\/uploads\/2019\/12\/Data-Center-768x768.jpg 768w, https:\/\/security-networks.com.mx\/wp-content\/uploads\/2019\/12\/Data-Center-950x950.jpg 950w\" alt=\"\" title=\"Data Center\" width=\"768\" height=\"768\"  \/><\/a>\n\t<\/div>\n<\/div>\n\n\n<div class=\"post-entry-content\">\n\n\t<h3 class=\"entry-title\">\n\t\t<a href=\"https:\/\/security-networks.com.mx\/?dt_portfolio=data-center\" target=\"\" title=\"Data Center\" rel=\"bookmark\">Data Center<\/a>\n\t<\/h3>\n\n\t\n\t<div class=\"entry-excerpt\"><p>Nuestras soluciones de Data Center lo acompa\u00f1aran de manera \u00e1gil y segura en la adopci\u00f3n&hellip;<\/p>\n<\/div>\n\t\n<\/div><\/article><\/div><div class=\"visible wf-cell\" data-post-id=\"801\" data-date=\"2019-12-27T21:06:13-06:00\" data-name=\"Seguridad\"><article class=\"post visible post-801 dt_portfolio type-dt_portfolio status-publish has-post-thumbnail hentry dt_portfolio_category-soluciones dt_portfolio_category-46\" data-name=\"Seguridad\" data-date=\"2019-12-27T21:06:13-06:00\">\n\n<div class=\"post-thumbnail-wrap forward-post \">\n\t<div class=\"post-thumbnail\">\n\n\t\t<a href=\"https:\/\/security-networks.com.mx\/?dt_portfolio=seguridad\" class=\"post-thumbnail-rollover layzr-bg\" target=\"\"  aria-label=\"Post image\"><img loading=\"lazy\" decoding=\"async\" class=\"iso-lazy-load preload-me iso-lazy-load\" src=\"data:image\/svg+xml,%3Csvg%20xmlns%3D&#39;http%3A%2F%2Fwww.w3.org%2F2000%2Fsvg&#39;%20viewBox%3D&#39;0%200%20768%20768&#39;%2F%3E\" data-src=\"https:\/\/security-networks.com.mx\/wp-content\/uploads\/2019\/12\/security-networks-seguridad-768x768.jpg\" data-srcset=\"https:\/\/security-networks.com.mx\/wp-content\/uploads\/2019\/12\/security-networks-seguridad-768x768.jpg 768w, https:\/\/security-networks.com.mx\/wp-content\/uploads\/2019\/12\/security-networks-seguridad-1152x1152.jpg 1152w\" alt=\"Seguridad Security Networks\" title=\"Seguridad Security Networks\" width=\"768\" height=\"768\"  \/><\/a>\n\t<\/div>\n<\/div>\n\n\n<div class=\"post-entry-content\">\n\n\t<h3 class=\"entry-title\">\n\t\t<a href=\"https:\/\/security-networks.com.mx\/?dt_portfolio=seguridad\" target=\"\" title=\"Seguridad\" rel=\"bookmark\">Seguridad<\/a>\n\t<\/h3>\n\n\t\n\t<div class=\"entry-excerpt\"><p>Cras pulvinar quis eleifend purus. In quis congue felis, sit amet mollis ligula.<\/p>\n<\/div>\n\t\n<\/div><\/article><\/div><div class=\"visible wf-cell\" data-post-id=\"754\" data-date=\"2019-12-27T04:59:48-06:00\" data-name=\"Enterprise Networking\"><article class=\"post visible post-754 dt_portfolio type-dt_portfolio status-publish has-post-thumbnail hentry dt_portfolio_category-soluciones dt_portfolio_category-46\" data-name=\"Enterprise Networking\" data-date=\"2019-12-27T04:59:48-06:00\">\n\n<div class=\"post-thumbnail-wrap forward-post \">\n\t<div class=\"post-thumbnail\">\n\n\t\t<a href=\"https:\/\/security-networks.com.mx\/?dt_portfolio=enterprise-networking\" class=\"post-thumbnail-rollover layzr-bg\" target=\"\"  aria-label=\"Post image\"><img loading=\"lazy\" decoding=\"async\" class=\"iso-lazy-load preload-me iso-lazy-load\" src=\"data:image\/svg+xml,%3Csvg%20xmlns%3D&#39;http%3A%2F%2Fwww.w3.org%2F2000%2Fsvg&#39;%20viewBox%3D&#39;0%200%20768%20768&#39;%2F%3E\" data-src=\"https:\/\/security-networks.com.mx\/wp-content\/uploads\/2019\/12\/Enterprise-Networking-768x768.jpg\" data-srcset=\"https:\/\/security-networks.com.mx\/wp-content\/uploads\/2019\/12\/Enterprise-Networking-768x768.jpg 768w, https:\/\/security-networks.com.mx\/wp-content\/uploads\/2019\/12\/Enterprise-Networking.jpg 1000w\" alt=\"Enterprise Networking\" title=\"Enterprise Networking\" width=\"768\" height=\"768\"  \/><\/a>\n\t<\/div>\n<\/div>\n\n\n<div class=\"post-entry-content\">\n\n\t<h3 class=\"entry-title\">\n\t\t<a href=\"https:\/\/security-networks.com.mx\/?dt_portfolio=enterprise-networking\" target=\"\" title=\"Enterprise Networking\" rel=\"bookmark\">Enterprise Networking<\/a>\n\t<\/h3>\n\n\t\n\t<div class=\"entry-excerpt\"><p>Nuestras soluciones de Colaboraci\u00f3n est\u00e1n dise\u00f1adas a la medida para cada perfil de usuario de&hellip;<\/p>\n<\/div>\n\t\n<\/div><\/article><\/div><div class=\"visible wf-cell\" data-post-id=\"792\" data-date=\"2019-12-21T20:48:49-06:00\" data-name=\"Automatizaci\u00f3n de procesos e Industria 4.0\"><article class=\"post visible post-792 dt_portfolio type-dt_portfolio status-publish has-post-thumbnail hentry dt_portfolio_category-soluciones dt_portfolio_category-46\" data-name=\"Automatizaci\u00f3n de procesos e Industria 4.0\" data-date=\"2019-12-21T20:48:49-06:00\">\n\n<div class=\"post-thumbnail-wrap forward-post \">\n\t<div class=\"post-thumbnail\">\n\n\t\t<a href=\"https:\/\/security-networks.com.mx\/?dt_portfolio=automatizacion-de-procesos-e-industria-4-0\" class=\"post-thumbnail-rollover layzr-bg\" target=\"\"  aria-label=\"Post image\"><img loading=\"lazy\" decoding=\"async\" class=\"iso-lazy-load preload-me iso-lazy-load\" src=\"data:image\/svg+xml,%3Csvg%20xmlns%3D&#39;http%3A%2F%2Fwww.w3.org%2F2000%2Fsvg&#39;%20viewBox%3D&#39;0%200%20768%20768&#39;%2F%3E\" data-src=\"https:\/\/security-networks.com.mx\/wp-content\/uploads\/2019\/12\/redes-empresariales-768x768.jpg\" data-srcset=\"https:\/\/security-networks.com.mx\/wp-content\/uploads\/2019\/12\/redes-empresariales-768x768.jpg 768w, https:\/\/security-networks.com.mx\/wp-content\/uploads\/2019\/12\/redes-empresariales.jpg 1000w\" alt=\"\" title=\"Redes Empresariales\" width=\"768\" height=\"768\"  \/><\/a>\n\t<\/div>\n<\/div>\n\n\n<div class=\"post-entry-content\">\n\n\t<h3 class=\"entry-title\">\n\t\t<a href=\"https:\/\/security-networks.com.mx\/?dt_portfolio=automatizacion-de-procesos-e-industria-4-0\" target=\"\" title=\"Automatizaci\u00f3n de procesos e Industria 4.0\" rel=\"bookmark\">Automatizaci\u00f3n de procesos e Industria 4.0<\/a>\n\t<\/h3>\n\n\t\n\t<div class=\"entry-excerpt\"><p>Vestibulum semper pharetra. Curabitur cursus sapien sed porta dapibus.<\/p>\n<\/div>\n\t\n<\/div><\/article><\/div><\/div><!-- iso-container|iso-grid --><div class=\"paginator\" role=\"navigation\"><\/div><\/div>[\/vc_column][\/vc_row]<\/p>\n","protected":false},"excerpt":{"rendered":"<p>[vc_row full_width=\u00bbstretch_row_content_no_spaces\u00bb css=\u00bb.vc_custom_1580202343809{padding-top: 60px !important;padding-right: 30px !important;padding-bottom: 80px !important;padding-left: 30px !important;}\u00bb][vc_column][\/vc_column][\/vc_row]<\/p>\n","protected":false},"author":1,"featured_media":0,"parent":2171,"menu_order":23,"comment_status":"closed","ping_status":"closed","template":"","meta":{"footnotes":""},"class_list":["post-824","page","type-page","status-publish","hentry","description-off"],"_links":{"self":[{"href":"https:\/\/security-networks.com.mx\/index.php?rest_route=\/wp\/v2\/pages\/824","targetHints":{"allow":["GET"]}}],"collection":[{"href":"https:\/\/security-networks.com.mx\/index.php?rest_route=\/wp\/v2\/pages"}],"about":[{"href":"https:\/\/security-networks.com.mx\/index.php?rest_route=\/wp\/v2\/types\/page"}],"author":[{"embeddable":true,"href":"https:\/\/security-networks.com.mx\/index.php?rest_route=\/wp\/v2\/users\/1"}],"replies":[{"embeddable":true,"href":"https:\/\/security-networks.com.mx\/index.php?rest_route=%2Fwp%2Fv2%2Fcomments&post=824"}],"version-history":[{"count":0,"href":"https:\/\/security-networks.com.mx\/index.php?rest_route=\/wp\/v2\/pages\/824\/revisions"}],"up":[{"embeddable":true,"href":"https:\/\/security-networks.com.mx\/index.php?rest_route=\/wp\/v2\/pages\/2171"}],"wp:attachment":[{"href":"https:\/\/security-networks.com.mx\/index.php?rest_route=%2Fwp%2Fv2%2Fmedia&parent=824"}],"curies":[{"name":"wp","href":"https:\/\/api.w.org\/{rel}","templated":true}]}}